{"id":44,"date":"2023-01-06T12:47:18","date_gmt":"2023-01-06T12:47:18","guid":{"rendered":"https:\/\/toolubeti.com\/?page_id=44"},"modified":"2025-02-24T13:33:16","modified_gmt":"2025-02-24T13:33:16","slug":"accueil_1","status":"publish","type":"page","link":"https:\/\/toolubeti.com\/","title":{"rendered":"Accueil 1"},"content":{"rendered":"\t\t<div data-elementor-type=\"wp-page\" data-elementor-id=\"44\" class=\"elementor elementor-44\" data-elementor-post-type=\"page\">\n\t\t\t\t\t\t<section class=\"elementor-section elementor-top-section elementor-element elementor-element-bea5d5f elementor-section-stretched elementor-section-boxed elementor-section-height-default elementor-section-height-default\" data-id=\"bea5d5f\" data-element_type=\"section\" data-e-type=\"section\" data-settings=\"{&quot;stretch_section&quot;:&quot;section-stretched&quot;}\">\n\t\t\t\t\t\t<div class=\"elementor-container elementor-column-gap-default\">\n\t\t\t\t\t<div class=\"elementor-column elementor-col-33 elementor-top-column elementor-element elementor-element-addc8f7\" data-id=\"addc8f7\" data-element_type=\"column\" data-e-type=\"column\">\n\t\t\t<div class=\"elementor-widget-wrap\">\n\t\t\t\t\t\t\t<\/div>\n\t\t<\/div>\n\t\t\t\t<div class=\"elementor-column elementor-col-33 elementor-top-column elementor-element elementor-element-44d4518\" data-id=\"44d4518\" data-element_type=\"column\" data-e-type=\"column\">\n\t\t\t<div class=\"elementor-widget-wrap elementor-element-populated\">\n\t\t\t\t\t\t<div class=\"elementor-element elementor-element-3802201 elementor-widget elementor-widget-text-editor\" data-id=\"3802201\" data-element_type=\"widget\" data-e-type=\"widget\" data-widget_type=\"text-editor.default\">\n\t\t\t\t\t\t\t\t\t<p>Notre p\u00e9pini\u00e8re a ouvert ses portes en 2022 \u00e0 Keur Sahib Ndoye (Thi\u00e8s), un village situ\u00e9e juste derri\u00e8re l\u2019h\u00f4pital Dalal xel<\/p><p>Nous sommes sp\u00e9cialis\u00e9s dans la production de plants d\u2019arbres fruitiers, d\u2019arbres d\u2019ombrage, d\u2019arbustes de haie, de plantes d\u2019ombre, de plantes \u00e0 fleurs, de plantes potag\u00e8res et de plantes de terrain sec (cactus, agaves).<\/p><p>Tous nos produits sont de culture bio, sans pesticides chimiques, bien calibr\u00e9s par vari\u00e9t\u00e9s, dans des conteneurs, en pots ou dans des godets.<br \/>Pour chaque produit, nous vous informons comment le planter, l\u2019entretenir, en profiter pleinement.<\/p>\t\t\t\t\t\t\t\t<\/div>\n\t\t\t\t\t<\/div>\n\t\t<\/div>\n\t\t\t\t<div class=\"elementor-column elementor-col-33 elementor-top-column elementor-element elementor-element-33538f9\" data-id=\"33538f9\" data-element_type=\"column\" data-e-type=\"column\">\n\t\t\t<div class=\"elementor-widget-wrap elementor-element-populated\">\n\t\t\t\t\t\t<div class=\"elementor-element elementor-element-31db378 elementor-widget elementor-widget-image\" data-id=\"31db378\" data-element_type=\"widget\" data-e-type=\"widget\" data-widget_type=\"image.default\">\n\t\t\t\t\t\t\t\t\t\t\t\t\t\t\t<img fetchpriority=\"high\" decoding=\"async\" width=\"800\" height=\"950\" src=\"https:\/\/toolubeti.com\/wp-content\/uploads\/2024\/08\/acc-toolu-beti.jpg\" class=\"attachment-large size-large wp-image-300\" alt=\"\" srcset=\"https:\/\/toolubeti.com\/wp-content\/uploads\/2024\/08\/acc-toolu-beti.jpg 862w, https:\/\/toolubeti.com\/wp-content\/uploads\/2024\/08\/acc-toolu-beti-253x300.jpg 253w, https:\/\/toolubeti.com\/wp-content\/uploads\/2024\/08\/acc-toolu-beti-768x912.jpg 768w\" sizes=\"(max-width: 800px) 100vw, 800px\" \/>\t\t\t\t\t\t\t\t\t\t\t\t\t\t\t<\/div>\n\t\t\t\t\t<\/div>\n\t\t<\/div>\n\t\t\t\t\t<\/div>\n\t\t<\/section>\n\t\t\t\t<section class=\"elementor-section elementor-top-section elementor-element elementor-element-12682c1 elementor-section-stretched elementor-section-boxed elementor-section-height-default elementor-section-height-default\" data-id=\"12682c1\" data-element_type=\"section\" data-e-type=\"section\" data-settings=\"{&quot;stretch_section&quot;:&quot;section-stretched&quot;}\">\n\t\t\t\t\t\t<div class=\"elementor-container elementor-column-gap-default\">\n\t\t\t\t\t<div class=\"elementor-column elementor-col-100 elementor-top-column elementor-element elementor-element-9dfb763\" data-id=\"9dfb763\" data-element_type=\"column\" data-e-type=\"column\">\n\t\t\t<div class=\"elementor-widget-wrap elementor-element-populated\">\n\t\t\t\t\t\t<section class=\"elementor-section elementor-inner-section elementor-element elementor-element-31fef35 elementor-section-boxed elementor-section-height-default elementor-section-height-default\" data-id=\"31fef35\" data-element_type=\"section\" data-e-type=\"section\">\n\t\t\t\t\t\t<div class=\"elementor-container elementor-column-gap-default\">\n\t\t\t\t\t<div class=\"elementor-column elementor-col-33 elementor-inner-column elementor-element elementor-element-3f30261\" data-id=\"3f30261\" data-element_type=\"column\" data-e-type=\"column\">\n\t\t\t<div class=\"elementor-widget-wrap elementor-element-populated\">\n\t\t\t\t\t\t<div class=\"elementor-element elementor-element-704587a elementor-widget__width-initial e-transform elementor-widget elementor-widget-image\" data-id=\"704587a\" data-element_type=\"widget\" data-e-type=\"widget\" data-settings=\"{&quot;_transform_translateX_effect&quot;:{&quot;unit&quot;:&quot;px&quot;,&quot;size&quot;:&quot;&quot;,&quot;sizes&quot;:[]},&quot;_transform_translateX_effect_laptop&quot;:{&quot;unit&quot;:&quot;px&quot;,&quot;size&quot;:&quot;&quot;,&quot;sizes&quot;:[]},&quot;_transform_translateX_effect_tablet&quot;:{&quot;unit&quot;:&quot;px&quot;,&quot;size&quot;:&quot;&quot;,&quot;sizes&quot;:[]},&quot;_transform_translateX_effect_mobile&quot;:{&quot;unit&quot;:&quot;px&quot;,&quot;size&quot;:&quot;&quot;,&quot;sizes&quot;:[]},&quot;_transform_translateY_effect&quot;:{&quot;unit&quot;:&quot;px&quot;,&quot;size&quot;:&quot;&quot;,&quot;sizes&quot;:[]},&quot;_transform_translateY_effect_laptop&quot;:{&quot;unit&quot;:&quot;px&quot;,&quot;size&quot;:&quot;&quot;,&quot;sizes&quot;:[]},&quot;_transform_translateY_effect_tablet&quot;:{&quot;unit&quot;:&quot;px&quot;,&quot;size&quot;:&quot;&quot;,&quot;sizes&quot;:[]},&quot;_transform_translateY_effect_mobile&quot;:{&quot;unit&quot;:&quot;px&quot;,&quot;size&quot;:&quot;&quot;,&quot;sizes&quot;:[]}}\" data-widget_type=\"image.default\">\n\t\t\t\t\t\t\t\t\t\t\t\t\t\t\t<img decoding=\"async\" src=\"https:\/\/toolubeti.com\/wp-content\/uploads\/2024\/02\/IMG-20230510-WA0000.jpg\" title=\"IMG-20230510-WA0000\" alt=\"IMG-20230510-WA0000\" loading=\"lazy\" \/>\t\t\t\t\t\t\t\t\t\t\t\t\t\t\t<\/div>\n\t\t\t\t\t<\/div>\n\t\t<\/div>\n\t\t\t\t<div class=\"elementor-column elementor-col-33 elementor-inner-column elementor-element elementor-element-2fab0e5\" data-id=\"2fab0e5\" data-element_type=\"column\" data-e-type=\"column\">\n\t\t\t<div class=\"elementor-widget-wrap elementor-element-populated\">\n\t\t\t\t\t\t<div class=\"elementor-element elementor-element-0318e67 elementor-widget elementor-widget-image\" data-id=\"0318e67\" data-element_type=\"widget\" data-e-type=\"widget\" data-widget_type=\"image.default\">\n\t\t\t\t\t\t\t\t\t\t\t\t\t\t\t<img decoding=\"async\" width=\"768\" height=\"1024\" src=\"https:\/\/toolubeti.com\/wp-content\/uploads\/2024\/02\/IMG_20231208_083428_860-768x1024.jpg\" class=\"attachment-large size-large wp-image-271\" alt=\"\" srcset=\"https:\/\/toolubeti.com\/wp-content\/uploads\/2024\/02\/IMG_20231208_083428_860-768x1024.jpg 768w, https:\/\/toolubeti.com\/wp-content\/uploads\/2024\/02\/IMG_20231208_083428_860-225x300.jpg 225w, https:\/\/toolubeti.com\/wp-content\/uploads\/2024\/02\/IMG_20231208_083428_860-1152x1536.jpg 1152w, https:\/\/toolubeti.com\/wp-content\/uploads\/2024\/02\/IMG_20231208_083428_860-1536x2048.jpg 1536w, https:\/\/toolubeti.com\/wp-content\/uploads\/2024\/02\/IMG_20231208_083428_860-1600x2133.jpg 1600w, https:\/\/toolubeti.com\/wp-content\/uploads\/2024\/02\/IMG_20231208_083428_860-scaled.jpg 1920w\" sizes=\"(max-width: 768px) 100vw, 768px\" \/>\t\t\t\t\t\t\t\t\t\t\t\t\t\t\t<\/div>\n\t\t\t\t\t<\/div>\n\t\t<\/div>\n\t\t\t\t<div class=\"elementor-column elementor-col-33 elementor-inner-column elementor-element elementor-element-f1f3480\" data-id=\"f1f3480\" data-element_type=\"column\" data-e-type=\"column\">\n\t\t\t<div class=\"elementor-widget-wrap elementor-element-populated\">\n\t\t\t\t\t\t<div class=\"elementor-element elementor-element-7862321 elementor-widget elementor-widget-image\" data-id=\"7862321\" data-element_type=\"widget\" data-e-type=\"widget\" data-widget_type=\"image.default\">\n\t\t\t\t\t\t\t\t\t\t\t\t\t\t\t<img decoding=\"async\" width=\"768\" height=\"1024\" src=\"https:\/\/toolubeti.com\/wp-content\/uploads\/2024\/02\/papayer-spec-02-768x1024.jpg\" class=\"attachment-large size-large wp-image-274\" alt=\"\" srcset=\"https:\/\/toolubeti.com\/wp-content\/uploads\/2024\/02\/papayer-spec-02-768x1024.jpg 768w, https:\/\/toolubeti.com\/wp-content\/uploads\/2024\/02\/papayer-spec-02-225x300.jpg 225w, https:\/\/toolubeti.com\/wp-content\/uploads\/2024\/02\/papayer-spec-02-1152x1536.jpg 1152w, https:\/\/toolubeti.com\/wp-content\/uploads\/2024\/02\/papayer-spec-02-1536x2048.jpg 1536w, https:\/\/toolubeti.com\/wp-content\/uploads\/2024\/02\/papayer-spec-02-1600x2133.jpg 1600w, https:\/\/toolubeti.com\/wp-content\/uploads\/2024\/02\/papayer-spec-02-scaled.jpg 1920w\" sizes=\"(max-width: 768px) 100vw, 768px\" \/>\t\t\t\t\t\t\t\t\t\t\t\t\t\t\t<\/div>\n\t\t\t\t\t<\/div>\n\t\t<\/div>\n\t\t\t\t\t<\/div>\n\t\t<\/section>\n\t\t\t\t<section class=\"elementor-section elementor-inner-section elementor-element elementor-element-bb4cf91 elementor-section-boxed elementor-section-height-default elementor-section-height-default\" data-id=\"bb4cf91\" data-element_type=\"section\" data-e-type=\"section\">\n\t\t\t\t\t\t<div class=\"elementor-container elementor-column-gap-default\">\n\t\t\t\t\t<div class=\"elementor-column elementor-col-33 elementor-inner-column elementor-element elementor-element-20db507\" data-id=\"20db507\" data-element_type=\"column\" data-e-type=\"column\">\n\t\t\t<div class=\"elementor-widget-wrap elementor-element-populated\">\n\t\t\t\t\t\t<div class=\"elementor-element elementor-element-8ca575e elementor-widget elementor-widget-image\" data-id=\"8ca575e\" data-element_type=\"widget\" data-e-type=\"widget\" data-widget_type=\"image.default\">\n\t\t\t\t\t\t\t\t\t\t\t\t\t\t\t<img loading=\"lazy\" decoding=\"async\" width=\"768\" height=\"1024\" src=\"https:\/\/toolubeti.com\/wp-content\/uploads\/2024\/02\/papayer-spec-03-768x1024.jpg\" class=\"attachment-large size-large wp-image-275\" alt=\"\" srcset=\"https:\/\/toolubeti.com\/wp-content\/uploads\/2024\/02\/papayer-spec-03-768x1024.jpg 768w, https:\/\/toolubeti.com\/wp-content\/uploads\/2024\/02\/papayer-spec-03-225x300.jpg 225w, https:\/\/toolubeti.com\/wp-content\/uploads\/2024\/02\/papayer-spec-03-1152x1536.jpg 1152w, https:\/\/toolubeti.com\/wp-content\/uploads\/2024\/02\/papayer-spec-03-1536x2048.jpg 1536w, https:\/\/toolubeti.com\/wp-content\/uploads\/2024\/02\/papayer-spec-03-1600x2133.jpg 1600w, https:\/\/toolubeti.com\/wp-content\/uploads\/2024\/02\/papayer-spec-03-scaled.jpg 1920w\" sizes=\"(max-width: 768px) 100vw, 768px\" \/>\t\t\t\t\t\t\t\t\t\t\t\t\t\t\t<\/div>\n\t\t\t\t\t<\/div>\n\t\t<\/div>\n\t\t\t\t<div class=\"elementor-column elementor-col-33 elementor-inner-column elementor-element elementor-element-e9db82e\" data-id=\"e9db82e\" data-element_type=\"column\" data-e-type=\"column\">\n\t\t\t<div class=\"elementor-widget-wrap elementor-element-populated\">\n\t\t\t\t\t\t<div class=\"elementor-element elementor-element-54162d8 elementor-widget elementor-widget-text-editor\" data-id=\"54162d8\" data-element_type=\"widget\" data-e-type=\"widget\" data-widget_type=\"text-editor.default\">\n\t\t\t\t\t\t\t\t\t<p>Lorem ipsum dolor sit amet, consectetur adipiscing elit. Ut elit tellus, luctus nec ullamcorper mattis, pulvinar dapibus leo.<\/p>\t\t\t\t\t\t\t\t<\/div>\n\t\t\t\t\t<\/div>\n\t\t<\/div>\n\t\t\t\t<div class=\"elementor-column elementor-col-33 elementor-inner-column elementor-element elementor-element-4da3bd0\" data-id=\"4da3bd0\" data-element_type=\"column\" data-e-type=\"column\">\n\t\t\t<div class=\"elementor-widget-wrap elementor-element-populated\">\n\t\t\t\t\t\t<div class=\"elementor-element elementor-element-378b6e0 elementor-widget elementor-widget-image\" data-id=\"378b6e0\" data-element_type=\"widget\" data-e-type=\"widget\" data-widget_type=\"image.default\">\n\t\t\t\t\t\t\t\t\t\t\t\t\t\t\t<img loading=\"lazy\" decoding=\"async\" width=\"275\" height=\"183\" src=\"https:\/\/toolubeti.com\/wp-content\/uploads\/2023\/06\/LAITUE.jpeg\" class=\"attachment-large size-large wp-image-263\" alt=\"\" \/>\t\t\t\t\t\t\t\t\t\t\t\t\t\t\t<\/div>\n\t\t\t\t\t<\/div>\n\t\t<\/div>\n\t\t\t\t\t<\/div>\n\t\t<\/section>\n\t\t\t\t<section class=\"elementor-section elementor-inner-section elementor-element elementor-element-3739a6e elementor-section-boxed elementor-section-height-default elementor-section-height-default\" data-id=\"3739a6e\" data-element_type=\"section\" data-e-type=\"section\">\n\t\t\t\t\t\t<div class=\"elementor-container elementor-column-gap-default\">\n\t\t\t\t\t<div class=\"elementor-column elementor-col-33 elementor-inner-column elementor-element elementor-element-fdf8a94\" data-id=\"fdf8a94\" data-element_type=\"column\" data-e-type=\"column\">\n\t\t\t<div class=\"elementor-widget-wrap elementor-element-populated\">\n\t\t\t\t\t\t<div class=\"elementor-element elementor-element-7d2b0b1 elementor-widget elementor-widget-image\" data-id=\"7d2b0b1\" data-element_type=\"widget\" data-e-type=\"widget\" data-widget_type=\"image.default\">\n\t\t\t\t\t\t\t\t\t\t\t\t\t\t\t<img loading=\"lazy\" decoding=\"async\" width=\"768\" height=\"1024\" src=\"https:\/\/toolubeti.com\/wp-content\/uploads\/2024\/02\/IMG_20231208_083507_739-768x1024.jpg\" class=\"attachment-large size-large wp-image-273\" alt=\"\" srcset=\"https:\/\/toolubeti.com\/wp-content\/uploads\/2024\/02\/IMG_20231208_083507_739-768x1024.jpg 768w, https:\/\/toolubeti.com\/wp-content\/uploads\/2024\/02\/IMG_20231208_083507_739-225x300.jpg 225w, https:\/\/toolubeti.com\/wp-content\/uploads\/2024\/02\/IMG_20231208_083507_739-1152x1536.jpg 1152w, https:\/\/toolubeti.com\/wp-content\/uploads\/2024\/02\/IMG_20231208_083507_739-1536x2048.jpg 1536w, https:\/\/toolubeti.com\/wp-content\/uploads\/2024\/02\/IMG_20231208_083507_739-1600x2133.jpg 1600w, https:\/\/toolubeti.com\/wp-content\/uploads\/2024\/02\/IMG_20231208_083507_739-scaled.jpg 1920w\" sizes=\"(max-width: 768px) 100vw, 768px\" \/>\t\t\t\t\t\t\t\t\t\t\t\t\t\t\t<\/div>\n\t\t\t\t\t<\/div>\n\t\t<\/div>\n\t\t\t\t<div class=\"elementor-column elementor-col-33 elementor-inner-column elementor-element elementor-element-edde2a4\" data-id=\"edde2a4\" data-element_type=\"column\" data-e-type=\"column\">\n\t\t\t<div class=\"elementor-widget-wrap elementor-element-populated\">\n\t\t\t\t\t\t<div class=\"elementor-element elementor-element-918b44c elementor-widget elementor-widget-image\" data-id=\"918b44c\" data-element_type=\"widget\" data-e-type=\"widget\" data-widget_type=\"image.default\">\n\t\t\t\t\t\t\t\t\t\t\t\t\t\t\t<img loading=\"lazy\" decoding=\"async\" width=\"768\" height=\"1024\" src=\"https:\/\/toolubeti.com\/wp-content\/uploads\/2024\/02\/IMG_20231208_083438_544-768x1024.jpg\" class=\"attachment-large size-large wp-image-272\" alt=\"\" srcset=\"https:\/\/toolubeti.com\/wp-content\/uploads\/2024\/02\/IMG_20231208_083438_544-768x1024.jpg 768w, https:\/\/toolubeti.com\/wp-content\/uploads\/2024\/02\/IMG_20231208_083438_544-225x300.jpg 225w, https:\/\/toolubeti.com\/wp-content\/uploads\/2024\/02\/IMG_20231208_083438_544-1152x1536.jpg 1152w, https:\/\/toolubeti.com\/wp-content\/uploads\/2024\/02\/IMG_20231208_083438_544-1536x2048.jpg 1536w, https:\/\/toolubeti.com\/wp-content\/uploads\/2024\/02\/IMG_20231208_083438_544-1600x2133.jpg 1600w, https:\/\/toolubeti.com\/wp-content\/uploads\/2024\/02\/IMG_20231208_083438_544-scaled.jpg 1920w\" sizes=\"(max-width: 768px) 100vw, 768px\" \/>\t\t\t\t\t\t\t\t\t\t\t\t\t\t\t<\/div>\n\t\t\t\t\t<\/div>\n\t\t<\/div>\n\t\t\t\t<div class=\"elementor-column elementor-col-33 elementor-inner-column elementor-element elementor-element-974d210\" data-id=\"974d210\" data-element_type=\"column\" data-e-type=\"column\">\n\t\t\t<div class=\"elementor-widget-wrap elementor-element-populated\">\n\t\t\t\t\t\t<div class=\"elementor-element elementor-element-a1ae8c9 elementor-widget elementor-widget-image\" data-id=\"a1ae8c9\" data-element_type=\"widget\" data-e-type=\"widget\" data-widget_type=\"image.default\">\n\t\t\t\t\t\t\t\t\t\t\t\t\t\t\t<img decoding=\"async\" width=\"768\" height=\"1024\" src=\"https:\/\/toolubeti.com\/wp-content\/uploads\/2024\/02\/IMG_20231208_083428_860-768x1024.jpg\" class=\"attachment-large size-large wp-image-271\" alt=\"\" srcset=\"https:\/\/toolubeti.com\/wp-content\/uploads\/2024\/02\/IMG_20231208_083428_860-768x1024.jpg 768w, https:\/\/toolubeti.com\/wp-content\/uploads\/2024\/02\/IMG_20231208_083428_860-225x300.jpg 225w, https:\/\/toolubeti.com\/wp-content\/uploads\/2024\/02\/IMG_20231208_083428_860-1152x1536.jpg 1152w, https:\/\/toolubeti.com\/wp-content\/uploads\/2024\/02\/IMG_20231208_083428_860-1536x2048.jpg 1536w, https:\/\/toolubeti.com\/wp-content\/uploads\/2024\/02\/IMG_20231208_083428_860-1600x2133.jpg 1600w, https:\/\/toolubeti.com\/wp-content\/uploads\/2024\/02\/IMG_20231208_083428_860-scaled.jpg 1920w\" sizes=\"(max-width: 768px) 100vw, 768px\" \/>\t\t\t\t\t\t\t\t\t\t\t\t\t\t\t<\/div>\n\t\t\t\t\t<\/div>\n\t\t<\/div>\n\t\t\t\t\t<\/div>\n\t\t<\/section>\n\t\t\t\t\t<\/div>\n\t\t<\/div>\n\t\t\t\t\t<\/div>\n\t\t<\/section>\n\t\t\t\t<section class=\"elementor-section elementor-top-section elementor-element elementor-element-79e2d09 elementor-section-boxed elementor-section-height-default elementor-section-height-default\" data-id=\"79e2d09\" data-element_type=\"section\" data-e-type=\"section\">\n\t\t\t\t\t\t<div class=\"elementor-container elementor-column-gap-default\">\n\t\t\t\t\t<div class=\"elementor-column elementor-col-100 elementor-top-column elementor-element elementor-element-cae6299\" data-id=\"cae6299\" data-element_type=\"column\" data-e-type=\"column\">\n\t\t\t<div class=\"elementor-widget-wrap\">\n\t\t\t\t\t\t\t<\/div>\n\t\t<\/div>\n\t\t\t\t\t<\/div>\n\t\t<\/section>\n\t\t\t\t<\/div>\n\t\t","protected":false},"excerpt":{"rendered":"<p>Notre p\u00e9pini\u00e8re a ouvert ses portes en 2022 \u00e0 Keur Sahib Ndoye (Thi\u00e8s), un village situ\u00e9e juste derri\u00e8re l\u2019h\u00f4pital Dalal xel Nous sommes sp\u00e9cialis\u00e9s dans la production de plants d\u2019arbres fruitiers, d\u2019arbres d\u2019ombrage, d\u2019arbustes de haie, de plantes d\u2019ombre, de plantes \u00e0 fleurs, de plantes potag\u00e8res et de plantes de terrain sec (cactus, agaves). Tous [&hellip;]<\/p>\n","protected":false},"author":1,"featured_media":0,"parent":0,"menu_order":0,"comment_status":"closed","ping_status":"closed","template":"","meta":{"footnotes":""},"class_list":["post-44","page","type-page","status-publish","hentry"],"_links":{"self":[{"href":"https:\/\/toolubeti.com\/index.php?rest_route=\/wp\/v2\/pages\/44","targetHints":{"allow":["GET"]}}],"collection":[{"href":"https:\/\/toolubeti.com\/index.php?rest_route=\/wp\/v2\/pages"}],"about":[{"href":"https:\/\/toolubeti.com\/index.php?rest_route=\/wp\/v2\/types\/page"}],"author":[{"embeddable":true,"href":"https:\/\/toolubeti.com\/index.php?rest_route=\/wp\/v2\/users\/1"}],"replies":[{"embeddable":true,"href":"https:\/\/toolubeti.com\/index.php?rest_route=%2Fwp%2Fv2%2Fcomments&post=44"}],"version-history":[{"count":35,"href":"https:\/\/toolubeti.com\/index.php?rest_route=\/wp\/v2\/pages\/44\/revisions"}],"predecessor-version":[{"id":566,"href":"https:\/\/toolubeti.com\/index.php?rest_route=\/wp\/v2\/pages\/44\/revisions\/566"}],"wp:attachment":[{"href":"https:\/\/toolubeti.com\/index.php?rest_route=%2Fwp%2Fv2%2Fmedia&parent=44"}],"curies":[{"name":"wp","href":"https:\/\/api.w.org\/{rel}","templated":true}]}}