{"id":49,"date":"2023-01-06T13:01:06","date_gmt":"2023-01-06T13:01:06","guid":{"rendered":"https:\/\/toolubeti.com\/?page_id=49"},"modified":"2025-02-24T14:44:33","modified_gmt":"2025-02-24T14:44:33","slug":"arbres-dombrage","status":"publish","type":"page","link":"https:\/\/toolubeti.com\/?page_id=49","title":{"rendered":"Arbres d&rsquo;ombrage"},"content":{"rendered":"\n<p><strong>Des plants d\u2019arbres d\u2019ombrage<\/strong> sous lesquels il fait bon de s\u2019asseoir en famille, de recevoir ses amies (En savoir plus sur notre catalogue de plants d\u2019arbres d\u2019ombrage\u00a0: lien vers le diaporama)<\/p>\n\n\n\n<figure class=\"wp-block-table\"><table><tbody><tr><td>Terminalia Mantaly <strong><\/strong><\/td><td>L\u2019un des plus beaux arbres d\u2019ombrage, Gua\u00efacum Officinalis ou simplement Gaiac nous vient des Cara\u00efbes et du nord de l&rsquo;Am\u00e9rique du Sud. C&rsquo;est un petit arbre \u00e0 croissance tr\u00e8s lente avec de tr\u00e8s belles fleurs bleues, qui a \u00e9t\u00e9 surexploit\u00e9 pour son bois et sa r\u00e9sine. Sa densit\u00e9 est l&rsquo;une des plus fortes du monde, si bien qu&rsquo;il coule m\u00eame dans la mer. A cause de son bois incroyablement dur, parfois appel\u00e9, avec d&rsquo;autres essences, bois de fer, cet arbre a subi de trop fortes coupes et est consid\u00e9r\u00e9 actuellement comme esp\u00e8ce en danger. Aujourd\u2019hui, le Gaiac esp\u00e8re prosp\u00e9rer en Afrique. En effet, les avenues du Togo, du Benin et d\u2019autres pays africains en sont abondamment bord\u00e9es. Plantez-le et son ombre ainsi que ses fleurs vous donneront de la joie.<strong><\/strong><\/td><\/tr><tr><td>Gua\u00efac<strong><\/strong><\/td><td><strong>&nbsp;<\/strong><\/td><\/tr><\/tbody><\/table><\/figure>\n","protected":false},"excerpt":{"rendered":"<p>Des plants d\u2019arbres d\u2019ombrage sous lesquels il fait bon de s\u2019asseoir en famille, de recevoir ses amies (En savoir plus sur notre catalogue de plants d\u2019arbres d\u2019ombrage\u00a0: lien vers le diaporama) Terminalia Mantaly L\u2019un des plus beaux arbres d\u2019ombrage, Gua\u00efacum Officinalis ou simplement Gaiac nous vient des Cara\u00efbes et du nord de l&rsquo;Am\u00e9rique du Sud. [&hellip;]<\/p>\n","protected":false},"author":1,"featured_media":0,"parent":0,"menu_order":0,"comment_status":"closed","ping_status":"closed","template":"elementor_theme","meta":{"footnotes":""},"class_list":["post-49","page","type-page","status-publish","hentry"],"_links":{"self":[{"href":"https:\/\/toolubeti.com\/index.php?rest_route=\/wp\/v2\/pages\/49","targetHints":{"allow":["GET"]}}],"collection":[{"href":"https:\/\/toolubeti.com\/index.php?rest_route=\/wp\/v2\/pages"}],"about":[{"href":"https:\/\/toolubeti.com\/index.php?rest_route=\/wp\/v2\/types\/page"}],"author":[{"embeddable":true,"href":"https:\/\/toolubeti.com\/index.php?rest_route=\/wp\/v2\/users\/1"}],"replies":[{"embeddable":true,"href":"https:\/\/toolubeti.com\/index.php?rest_route=%2Fwp%2Fv2%2Fcomments&post=49"}],"version-history":[{"count":1,"href":"https:\/\/toolubeti.com\/index.php?rest_route=\/wp\/v2\/pages\/49\/revisions"}],"predecessor-version":[{"id":50,"href":"https:\/\/toolubeti.com\/index.php?rest_route=\/wp\/v2\/pages\/49\/revisions\/50"}],"wp:attachment":[{"href":"https:\/\/toolubeti.com\/index.php?rest_route=%2Fwp%2Fv2%2Fmedia&parent=49"}],"curies":[{"name":"wp","href":"https:\/\/api.w.org\/{rel}","templated":true}]}}