{"id":53,"date":"2023-01-06T13:06:55","date_gmt":"2023-01-06T13:06:55","guid":{"rendered":"https:\/\/toolubeti.com\/?page_id=53"},"modified":"2023-01-06T13:06:55","modified_gmt":"2023-01-06T13:06:55","slug":"arbustes-de-haie","status":"publish","type":"page","link":"https:\/\/toolubeti.com\/?page_id=53","title":{"rendered":"Arbustes de haie"},"content":{"rendered":"\n<ul class=\"wp-block-list\">\n<li><strong>D\u2019arbustes de haie pour donner une personnalit\u00e9 sp\u00e9cifique \u00e0 la cl\u00f4ture de votre domaine, de votre maison ou embellir votre mur d\u2019enceinte, orner vos all\u00e9es ou la devanture de vos bureaux. Chacune de ces plantes peut \u00eatre install\u00e9e seule, en pi\u00e8ce unique <\/strong>(En savoir plus sur notre catalogue de plants d\u2019arbustes de haie&nbsp;: lien vers le diaporama. Sous chaque esp\u00e8ce, ins\u00e9rer le descriptif)<\/li>\n<\/ul>\n\n\n\n<figure class=\"wp-block-table\"><table><tbody><tr><td>Bougainvill\u00e9e (rose, blanc, mauve, jaune, fleur bicolore, feuille panach\u00e9e, Kenya) <strong>&nbsp;<\/strong><\/td><td>Le genre bougainvill\u00e9e comprend entre 14 et 18 esp\u00e8ces, toutes originaires des r\u00e9gions tropicales d\u2019Am\u00e9rique Centrale et d\u2019Am\u00e9rique du Sud. Les fleurs magnifiques du bougainvill\u00e9e&nbsp;rehaussent de leurs couleurs \u00e9clatantes et pimpantes les fa\u00e7ades, d\u00e9corent \u00e0 merveille les v\u00e9randas. Le bougainvill\u00e9e peut \u00eatre cultiv\u00e9 en sujet isol\u00e9, en terre ou en bac.<\/td><\/tr><tr><td>Laurier rose (rose, rose clair, rose fuschia, blanc, saumon) <strong>&nbsp;<\/strong><\/td><td>Un feuillage vert et une abondante floraison toute l\u2019ann\u00e9e&nbsp;: que demander de plus \u00e0 une plante ? Arbuste ornemental tr\u00e8s pratique car assez facile \u00e0 entretenir, r\u00e9sistant \u00e0 la s\u00e9cheresse et \u00e0 la taille, le laurier rose forme une belle haie ou un taillis luxuriant dans les jardins, les cours, les parcs ou \u00e0 proximit\u00e9 des \u00e9difices publics. Il est tout aussi beau en sujet isol\u00e9. Certaines esp\u00e8ces comme celle \u00e0 fleur rose est tr\u00e8s odorante, un parfum doux, suave. Nous vous offrons une fiche technique compl\u00e8te sur cette plante Attention&nbsp;: toutes les parties de la plante sont toxiques m\u00eame a faible dose. <strong>&nbsp;<\/strong><\/td><\/tr><tr><td>Acalypha (wilkesiana, Hyspida) <strong>&nbsp;<\/strong><\/td><td>L&rsquo;acalypha a de grandes feuilles simples, vertes, rouges, roses, panach\u00e9es ou bord\u00e9es d&rsquo;une couleur diff\u00e9rente. Selon les vari\u00e9t\u00e9s, les feuilles, souvent dentel\u00e9es, poss\u00e8dent des formes tr\u00e8s diverses. L\u2019acalypha hyspida a une superbe floraison dont la&nbsp;forme fait penser \u00e0 des queues de chats rouges qu\u2019on a envie de caresser. L\u2019acalypha wilkesiana a un magnifique feuillage mordor\u00e9, tirant sur des teintes bronz\u00e9es ravissantes, flamboyantes, surtout au coucher du soleil. L\u2019acalypha existe aussi en vert, avec des feuilles ourl\u00e9es de blanc cr\u00e8me.<\/td><\/tr><tr><td>Breynia Nivosa \u2013 Arbuste a neige du Kilimanjaro <strong>&nbsp;<\/strong><\/td><td>Le breynia nivosa est un arbuste ramifi\u00e9 \u00e0 fines tiges tr\u00e8s int\u00e9ressant pour son feuillage. Ses feuilles persistantes vertes sont marbr\u00e9es de blanc et donnent la sensation de se saupoudrer de neige. Ce petit arbuste saura attirer l\u2019attention dans votre jardin. Sa floraison est assez discr\u00e8te : minuscules fleurs verd\u00e2tres sans p\u00e9tale. Elle est suivie de petites baies rouges d\u00e9coratives.<\/td><\/tr><tr><td>Cesalpinia Pulcherrima \u2013 Flamboyant nain \u2013 Orgueil de Chine (orange, jaune, rose) &nbsp;<\/td><td>Le flamboyant nain est tout \u00e0 fait exceptionnel lorsque ses belles fleurs rouges, ou&nbsp;roses ou bien jaunes, font leur apparition. \u00c0 l&rsquo;allure l\u00e9g\u00e8re et \u00e9l\u00e9gante, ses fleurs ont \u00e0 charme \u00e0 tomber par terre ! \u00c9tonnant arbuste se couvrant de fleurs a\u00e9riennes, le flamboyant nain ou orgueil de Chine fait entrer une note d&rsquo;exotisme dans votre jardin, votre cour ou devant votre bureau.<\/td><\/tr><tr><td>Duranta Repens \u2013 Vanillier de Cayenne (Feuille verte, feuille dor\u00e9e) &nbsp;<\/td><td>Duranta Repens, un arbuste facile \u00e0 cultiver, est int\u00e9ressant par son port, sa magnifique floraison bleue en panicules au parfum vanill\u00e9. Ses fleurs produisent de petites baies, de couleur jaune puis orange, attirantes pour les oiseaux. Les fruits, noirs \u00e0 maturit\u00e9, sont toxiques. Cependant, les fruits lorsqu&rsquo;ils sont jaunes ou oranges ont un tr\u00e8s bel effet d\u00e9coratif. Si vous n&rsquo;avez pas d&rsquo;enfant susceptible d&rsquo;\u00eatre tent\u00e9 d&rsquo;en mettre \u00e0 la bouche, laissez-les sur la plante. R\u00e9sultat visuel garanti&nbsp;!<\/td><\/tr><tr><td>Hibiscus (rouge, jaune, rose, schizopetalus, \u2026)<\/td><td>L\u2019hibiscus&nbsp;: un arbuste d\u2019une rare beaut\u00e9 offrant une longue et somptueuse floraison. Fleur rouge, fleur jaune, fleur blanche\u2026 feuille verte, feuille panach\u00e9e de blanc, il n\u2019y a que l\u2019embarras de couleurs. Ses fleurs ne durent qu\u20191 \u00e0 2 jours mais elles se renouvellent toute l\u2019ann\u00e9e. Il en existe des vari\u00e9t\u00e9s \u00e0 fleurs simples, d\u2019autres \u00e0 fleurs doubles.<\/td><\/tr><\/tbody><\/table><\/figure>\n","protected":false},"excerpt":{"rendered":"<p>Bougainvill\u00e9e (rose, blanc, mauve, jaune, fleur bicolore, feuille panach\u00e9e, Kenya) &nbsp; Le genre bougainvill\u00e9e comprend entre 14 et 18 esp\u00e8ces, toutes originaires des r\u00e9gions tropicales d\u2019Am\u00e9rique Centrale et d\u2019Am\u00e9rique du Sud. Les fleurs magnifiques du bougainvill\u00e9e&nbsp;rehaussent de leurs couleurs \u00e9clatantes et pimpantes les fa\u00e7ades, d\u00e9corent \u00e0 merveille les v\u00e9randas. Le bougainvill\u00e9e peut \u00eatre cultiv\u00e9 en [&hellip;]<\/p>\n","protected":false},"author":1,"featured_media":0,"parent":0,"menu_order":0,"comment_status":"closed","ping_status":"closed","template":"","meta":{"footnotes":""},"class_list":["post-53","page","type-page","status-publish","hentry"],"_links":{"self":[{"href":"https:\/\/toolubeti.com\/index.php?rest_route=\/wp\/v2\/pages\/53","targetHints":{"allow":["GET"]}}],"collection":[{"href":"https:\/\/toolubeti.com\/index.php?rest_route=\/wp\/v2\/pages"}],"about":[{"href":"https:\/\/toolubeti.com\/index.php?rest_route=\/wp\/v2\/types\/page"}],"author":[{"embeddable":true,"href":"https:\/\/toolubeti.com\/index.php?rest_route=\/wp\/v2\/users\/1"}],"replies":[{"embeddable":true,"href":"https:\/\/toolubeti.com\/index.php?rest_route=%2Fwp%2Fv2%2Fcomments&post=53"}],"version-history":[{"count":2,"href":"https:\/\/toolubeti.com\/index.php?rest_route=\/wp\/v2\/pages\/53\/revisions"}],"predecessor-version":[{"id":1008,"href":"https:\/\/toolubeti.com\/index.php?rest_route=\/wp\/v2\/pages\/53\/revisions\/1008"}],"wp:attachment":[{"href":"https:\/\/toolubeti.com\/index.php?rest_route=%2Fwp%2Fv2%2Fmedia&parent=53"}],"curies":[{"name":"wp","href":"https:\/\/api.w.org\/{rel}","templated":true}]}}