{"id":59,"date":"2023-01-06T13:12:36","date_gmt":"2023-01-06T13:12:36","guid":{"rendered":"https:\/\/toolubeti.com\/?page_id=59"},"modified":"2023-01-06T13:12:36","modified_gmt":"2023-01-06T13:12:36","slug":"nos-services","status":"publish","type":"page","link":"https:\/\/toolubeti.com\/?page_id=59","title":{"rendered":"Nos services"},"content":{"rendered":"\n<ul class=\"wp-block-list\">\n<li>Nous am\u00e9nageons vos espaces de fa\u00e7on efficace, innovante et cr\u00e9ative (maison, bureaux, rues, espaces publics, vergers)<\/li>\n\n\n\n<li>Nous assurons un suivi participatif et rapproch\u00e9 des implantations<\/li>\n\n\n\n<li>Nous offrons des cours de jardinage, des formations et initiations agricoles et agro\u00e9cologiques (plantation, entretien naturel des plantes, multiplication des plantes par diverses techniques, compostage, etc.)<\/li>\n\n\n\n<li>Nous recevons des visites p\u00e9dagogiques<\/li>\n\n\n\n<li>Nous proposons du petit mat\u00e9riel et des outils de jardinage<\/li>\n<\/ul>\n","protected":false},"excerpt":{"rendered":"","protected":false},"author":1,"featured_media":0,"parent":0,"menu_order":0,"comment_status":"closed","ping_status":"closed","template":"","meta":{"footnotes":""},"class_list":["post-59","page","type-page","status-publish","hentry"],"_links":{"self":[{"href":"https:\/\/toolubeti.com\/index.php?rest_route=\/wp\/v2\/pages\/59","targetHints":{"allow":["GET"]}}],"collection":[{"href":"https:\/\/toolubeti.com\/index.php?rest_route=\/wp\/v2\/pages"}],"about":[{"href":"https:\/\/toolubeti.com\/index.php?rest_route=\/wp\/v2\/types\/page"}],"author":[{"embeddable":true,"href":"https:\/\/toolubeti.com\/index.php?rest_route=\/wp\/v2\/users\/1"}],"replies":[{"embeddable":true,"href":"https:\/\/toolubeti.com\/index.php?rest_route=%2Fwp%2Fv2%2Fcomments&post=59"}],"version-history":[{"count":2,"href":"https:\/\/toolubeti.com\/index.php?rest_route=\/wp\/v2\/pages\/59\/revisions"}],"predecessor-version":[{"id":252,"href":"https:\/\/toolubeti.com\/index.php?rest_route=\/wp\/v2\/pages\/59\/revisions\/252"}],"wp:attachment":[{"href":"https:\/\/toolubeti.com\/index.php?rest_route=%2Fwp%2Fv2%2Fmedia&parent=59"}],"curies":[{"name":"wp","href":"https:\/\/api.w.org\/{rel}","templated":true}]}}