{"id":63,"date":"2023-01-06T13:15:22","date_gmt":"2023-01-06T13:15:22","guid":{"rendered":"https:\/\/toolubeti.com\/?page_id=63"},"modified":"2023-01-09T17:13:45","modified_gmt":"2023-01-09T17:13:45","slug":"plantes-vivaces-ou-saisonnieres-2","status":"publish","type":"page","link":"https:\/\/toolubeti.com\/?page_id=63","title":{"rendered":"Plantes vivaces"},"content":{"rendered":"\n<ul class=\"wp-block-list\">\n<li><strong>Des plantes vivaces ou saisonni\u00e8res, avec ou sans fleurs, qui agr\u00e9mentent votre environnement de vie ou de travail et vous \u00e9pargne le stress <\/strong>(En savoir plus sur notre catalogue de plantes vivaces ou saisonni\u00e8res\u00a0: lien vers le diaporama)<\/li>\n<\/ul>\n\n\n\n<figure class=\"wp-block-table\"><table><tbody><tr><td>Z\u00e9phyrantes (alba : blanche, rosea : rose simple, rosea grandiflora : rose \u00e0 grande fleur) &nbsp; <strong>&nbsp;<\/strong><\/td><td>Petits bulbes \u00e0 grandes fleurs roses ou blanches, les z\u00e9phyrantes appel\u00e9es aussi lys z\u00e9phyr sont connus pour leur longue floraison \u00e9clatante. Dans leur milieu d&rsquo;origine, en Am\u00e9rique centrale, elles ont la particularit\u00e9 de s&rsquo;\u00e9panouir apr\u00e8s des averses pluvieuses ce qui explique leur nom de lys de la pluie.<\/td><\/tr><tr><td>Ruellia (blanc, rose, mauve) <strong>&nbsp;<\/strong><\/td><td>La ruellia est une petite plante originaire du Mexique. Elle fait de belles fleurs mauves ou roses ou blanches selon les vari\u00e9t\u00e9s et qui attirent des papillons multicolores. Sa croissance est tr\u00e8s rapide et elle peut devenir envahissante car elle se ress\u00e8me massivement.<\/td><\/tr><tr><td>Plumbago (bleu, blanc) <strong>&nbsp;<\/strong><\/td><td>Le Plumbago, originaire de l&rsquo;Afrique du Sud, est une superbe plante, tant pour ses fleurs que pour son feuillage. Plant\u00e9 en buisson ou en grimpante selon l\u2019utilisation, le Plumbago est la reine des jardins. Plumbago Auriculata a une floraison d\u2019un beau bleu, clair ou intense. Plumbago Auriculata Alba a une floraison d\u2019un blanc pur.<\/td><\/tr><tr><td>Murraya Paniculata (Buis de Chine) <strong>&nbsp;<\/strong><\/td><td>Arbuste au feuillage tr\u00e8s ornemental, la floraison tr\u00e8s parfum\u00e9e du buis de chine est compos\u00e9e de bouquets de petites fleurs blanches, celle-ci s&rsquo;\u00e9tale toute l&rsquo;ann\u00e9e par vagues successives.<\/td><\/tr><tr><td>Iris des marais <strong>&nbsp;<\/strong><\/td><td>L&rsquo;Iris des Marais, connu encore sous les nom d&rsquo;Iris faux acore, Iris jaune ou \u00ab\u00a0Flambe d&rsquo;eau\u00a0\u00bb est une plante caract\u00e9ris\u00e9e par son port dress\u00e9, ses fleurs d&rsquo;un jaune lumineux et ses feuilles vertes, longues et ensiformes (en forme de glaive) \u00e0 la nervure m\u00e9diane saillante. C&rsquo;est une plante qui pousse en touffe et dont la tige peut porter 4 \u00e0 12 fleurs. Elle peut pousser aussi bien en terre, en pot ou bien sur les rives d\u2019un marigot ou d\u2019un bassin d\u2019eau. Attention toutefois \u00e0 contr\u00f4ler son d\u00e9veloppement ; la plante peut vite devenir envahissante.<\/td><\/tr><tr><td>Canna (rouge, jaune, rose, Durban, Cl\u00e9op\u00e2tre, fleur double) &nbsp;<\/td><td>Les cannas sont des plantes \u00e0 bulbes id\u00e9ales pour la r\u00e9alisation de massifs fleuris. Avec leur v\u00e9g\u00e9tation vigoureuse et exotique, les cannas, \u00e9galement appel\u00e9s balisiers, ne passent pas inaper\u00e7us. Originaires d&rsquo;Am\u00e9rique Centrale, ces plantes \u00e0 bulbes ont une croissance rapide et luxuriante, avec leur feuillage ample \u00e9voquant des feuilles de bananier, vertes, panach\u00e9es ou pourpres et leurs fleurs richement et brillamment color\u00e9es, se d\u00e9clinent dans les tons cr\u00e8me, jaune, orang\u00e9, rouge, rose, souvent panach\u00e9es ou mouchet\u00e9es, qui \u00e9voquent les tropiques. La floraison du canna s\u2019\u00e9tale toute l\u2019ann\u00e9e.<\/td><\/tr><\/tbody><\/table><\/figure>\n","protected":false},"excerpt":{"rendered":"<p>Z\u00e9phyrantes (alba : blanche, rosea : rose simple, rosea grandiflora : rose \u00e0 grande fleur) &nbsp; &nbsp; Petits bulbes \u00e0 grandes fleurs roses ou blanches, les z\u00e9phyrantes appel\u00e9es aussi lys z\u00e9phyr sont connus pour leur longue floraison \u00e9clatante. Dans leur milieu d&rsquo;origine, en Am\u00e9rique centrale, elles ont la particularit\u00e9 de s&rsquo;\u00e9panouir apr\u00e8s des averses pluvieuses [&hellip;]<\/p>\n","protected":false},"author":1,"featured_media":0,"parent":0,"menu_order":0,"comment_status":"closed","ping_status":"closed","template":"","meta":{"footnotes":""},"class_list":["post-63","page","type-page","status-publish","hentry"],"_links":{"self":[{"href":"https:\/\/toolubeti.com\/index.php?rest_route=\/wp\/v2\/pages\/63","targetHints":{"allow":["GET"]}}],"collection":[{"href":"https:\/\/toolubeti.com\/index.php?rest_route=\/wp\/v2\/pages"}],"about":[{"href":"https:\/\/toolubeti.com\/index.php?rest_route=\/wp\/v2\/types\/page"}],"author":[{"embeddable":true,"href":"https:\/\/toolubeti.com\/index.php?rest_route=\/wp\/v2\/users\/1"}],"replies":[{"embeddable":true,"href":"https:\/\/toolubeti.com\/index.php?rest_route=%2Fwp%2Fv2%2Fcomments&post=63"}],"version-history":[{"count":2,"href":"https:\/\/toolubeti.com\/index.php?rest_route=\/wp\/v2\/pages\/63\/revisions"}],"predecessor-version":[{"id":121,"href":"https:\/\/toolubeti.com\/index.php?rest_route=\/wp\/v2\/pages\/63\/revisions\/121"}],"wp:attachment":[{"href":"https:\/\/toolubeti.com\/index.php?rest_route=%2Fwp%2Fv2%2Fmedia&parent=63"}],"curies":[{"name":"wp","href":"https:\/\/api.w.org\/{rel}","templated":true}]}}